{"id":83,"date":"2020-02-07T06:45:55","date_gmt":"2020-02-07T06:45:55","guid":{"rendered":"http:\/\/gudm.kramfors.se\/slide-anything-popup-preview\/"},"modified":"2022-06-07T07:43:17","modified_gmt":"2022-06-07T07:43:17","slug":"slide-anything-popup-preview","status":"publish","type":"page","link":"https:\/\/gudm.kramfors.se\/?page_id=83","title":{"rendered":"Slide Anything Popup Preview"},"content":{"rendered":"<div class='white' style='background:#fafafa; border:solid 1px #f0f0f0; border-radius:5px; padding:8px 8px 8px 8px;'>\n<div id='sample_slider' class='owl-carousel sa_owl_theme owl-pagination-true autohide-arrows' data-slider-id='sample_slider' style='visibility:hidden;'>\n<div id='sample_slider_slide01' class='sa_hover_container' style='padding:5% 5%; margin:0px 0%; background-color:rgb(255, 255, 255); '><table style=\"width: 99.2497%;height: 164px\">\r\n<tbody>\r\n<tr style=\"height: 31px\">\r\n<th style=\"width: 99.9297%;height: 31px;text-align: center;vertical-align: middle\" colspan=\"2\">\r\n<p><span style=\"color: #000000;font-family: 'arial black', sans-serif\"><strong><span style=\"font-size: 18pt\">Matsedel v.14<\/span><\/strong><\/span><\/p>\r\n<\/th>\r\n<\/tr>\r\n<tr style=\"height: 28px\">\r\n<th style=\"width: 12.8373%;height: 11px;text-align: center;vertical-align: middle\"><span style=\"color: #000000;font-size: 14pt;font-family: 'arial black', sans-serif\">M\u00e5ndag<\/span><\/th>\r\n<td style=\"width: 87.0924%;height: 11px\"><strong>Potatisbullar \/Blodpudding, Paprikagulasch och potatis<\/strong><\/td>\r\n<\/tr>\r\n<tr style=\"height: 28.52px\">\r\n<th style=\"width: 12.8373%;height: 15px;text-align: center;vertical-align: middle\"><span style=\"color: #000000;font-size: 14pt;font-family: 'arial black', sans-serif\">Tisdag<\/span><\/th>\r\n<td style=\"width: 87.0924%;height: 15px\"><strong>Pastasoppa, br\u00f6d och p\u00e5l\u00e4gg, Vegetarisk soppa, br\u00f6d och p\u00e5l\u00e4gg<\/strong><\/td>\r\n<\/tr>\r\n<tr style=\"height: 28px\">\r\n<th style=\"width: 12.8373%;height: 27px;text-align: center;vertical-align: middle\"><span style=\"color: #000000;font-size: 14pt;font-family: 'arial black', sans-serif\">Onsdag<\/span><\/th>\r\n<td style=\"width: 87.0924%;height: 27px\"><strong>Kycklinggrat\u00e4ng Alfredo, Indisk gr\u00f6nsaksgryta och pasta\u00a0<\/strong><\/td>\r\n<\/tr>\r\n<tr style=\"height: 28px\">\r\n<th style=\"width: 12.8373%;height: 14px;text-align: center;vertical-align: middle\"><span style=\"color: #000000;font-size: 14pt;font-family: 'arial black', sans-serif\">Torsdag<\/span><\/th>\r\n<td style=\"width: 87.0924%;height: 14px\"><strong>Hamburgare, br\u00f6d och dressing, Vegoburgare, br\u00f6d och dressing\u00a0<\/strong><\/td>\r\n<\/tr>\r\n<tr style=\"height: 28px\">\r\n<th style=\"width: 12.8373%;height: 10px;text-align: center;vertical-align: middle\"><span style=\"color: #000000;font-size: 14pt;font-family: 'arial black', sans-serif\">Fredag<\/span><\/th>\r\n<td style=\"width: 87.0924%;height: 10px\"><strong>Lov<\/strong><\/td>\r\n<\/tr>\r\n<tr style=\"height: 28px\">\r\n<th style=\"width: 12.8373%;height: 28px;text-align: center;vertical-align: middle\">\u00a0<\/th>\r\n<td style=\"width: 87.0924%;height: 28px\">\u00a0<\/td>\r\n<\/tr>\r\n<tr style=\"height: 28px\">\r\n<th style=\"width: 12.8373%;height: 28px;text-align: center;vertical-align: middle\">\u00a0<\/th>\r\n<td style=\"width: 87.0924%;height: 28px\">\u00a0<\/td>\r\n<\/tr>\r\n<\/tbody>\r\n<\/table>\r\n<p>&nbsp;<\/p><\/div>\n<div id='sample_slider_slide05' class='sa_hover_container' style='padding:5% 5%; margin:0px 0%; '><table style=\"border-collapse: collapse;width: 98.7559%;height: 185px\">\r\n<tbody>\r\n<tr style=\"height: 28px\">\r\n<td style=\"width: 5.809%;height: 28px;text-align: center\"><span style=\"font-family: 'arial black', sans-serif;color: #000000\"><strong>Dag<\/strong><\/span><\/td>\r\n<td style=\"width: 21.3198%;height: 28px;text-align: center\"><span style=\"font-family: 'arial black', sans-serif;color: #000000\"><strong>L\u00e4rare<\/strong><\/span><\/td>\r\n<td style=\"width: 43.814%;height: 28px;text-align: center\"><span style=\"font-family: 'arial black', sans-serif;color: #000000\"><strong>Klass, \u00e4mne och tid<\/strong><\/span><\/td>\r\n<td style=\"width: 15.7707%;height: 28px;text-align: center\">\u00a0<\/td>\r\n<td style=\"width: 0.965251%;height: 28px\">\u00a0<\/td>\r\n<\/tr>\r\n<tr style=\"height: 28px\">\r\n<td style=\"width: 5.809%;height: 28px\"><strong>1\/4<\/strong><\/td>\r\n<td style=\"width: 21.3198%;height: 28px\"><strong>Elisabet Eriksson<\/strong><\/td>\r\n<td style=\"width: 43.814%;height: 28px\"><strong>8,30-9,50 7B1 SL, 12,30-13,50 7D1 SL, 14,15-15,35 9B1 SL\u00a0<\/strong><\/td>\r\n<td style=\"width: 15.7707%;height: 28px\"><strong>INST\u00c4LLT<\/strong><\/td>\r\n<td style=\"width: 0.965251%;height: 28px\">\u00a0<\/td>\r\n<\/tr>\r\n<tr style=\"height: 28px\">\r\n<td style=\"width: 5.809%;height: 32px\">\u00a0<\/td>\r\n<td style=\"width: 21.3198%;height: 32px\">\u00a0<\/td>\r\n<td style=\"width: 43.814%;height: 32px\">\u00a0<\/td>\r\n<td style=\"width: 15.7707%;height: 32px\">\u00a0<\/td>\r\n<td style=\"width: 0.965251%;height: 32px\">\u00a0<\/td>\r\n<\/tr>\r\n<tr style=\"height: 28px\">\r\n<td style=\"width: 5.809%;height: 28px\">\u00a0<\/td>\r\n<td style=\"width: 21.3198%;height: 28px\">\u00a0<\/td>\r\n<td style=\"width: 43.814%;height: 28px\">\u00a0<\/td>\r\n<td style=\"width: 15.7707%;height: 28px\">\u00a0<\/td>\r\n<td style=\"width: 0.965251%;height: 28px\">\u00a0<\/td>\r\n<\/tr>\r\n<tr style=\"height: 28px\">\r\n<td style=\"width: 5.809%;height: 29px\">\u00a0<\/td>\r\n<td style=\"width: 21.3198%;height: 29px\">\u00a0<\/td>\r\n<td style=\"width: 43.814%;height: 29px\">\u00a0<\/td>\r\n<td style=\"width: 15.7707%;height: 29px\">\u00a0<\/td>\r\n<td style=\"width: 0.965251%;height: 29px\">\u00a0<\/td>\r\n<\/tr>\r\n<tr style=\"height: 40px\">\r\n<td style=\"width: 5.809%;height: 40px\">\u00a0<\/td>\r\n<td style=\"width: 21.3198%;height: 40px\">\u00a0<\/td>\r\n<td style=\"width: 43.814%;height: 40px\">\u00a0<\/td>\r\n<td style=\"width: 15.7707%;height: 40px\">\u00a0<\/td>\r\n<td style=\"width: 0.965251%;height: 40px\">\u00a0<\/td>\r\n<\/tr>\r\n<\/tbody>\r\n<\/table>\r\n<p>&nbsp;<\/p><\/div>\n<div id='sample_slider_slide03' class='sa_hover_container' style='padding:5% 5%; margin:0px 0%; '><table style=\"border-collapse: collapse;width: 100%;height: 122px\">\r\n<tbody>\r\n<tr style=\"height: 10px\">\r\n<td style=\"width: 11.6427%;height: 10px\">\u00a0<\/td>\r\n<td style=\"width: 88.3573%;text-align: center;height: 10px\"><span style=\"font-size: 18pt;color: #000000;font-family: 'arial black', sans-serif\">Aktuellt I veckan<\/span><\/td>\r\n<\/tr>\r\n<tr style=\"height: 10px\">\r\n<td style=\"width: 11.6427%;height: 10px;text-align: center\">\r\n<p><span style=\"font-size: 18pt;color: #000000;font-family: 'arial black', sans-serif\">M\u00e5ndag<\/span><\/p>\r\n<\/td>\r\n<td style=\"width: 88.3573%;height: 10px\"><strong>M\u00f6te Elevr\u00e5det 13.30 i sal F4, Ta med digital enhet<\/strong><\/td>\r\n<\/tr>\r\n<tr style=\"height: 10px\">\r\n<td style=\"width: 11.6427%;height: 10px;text-align: center\"><span style=\"font-size: 18pt;color: #000000;font-family: 'arial black', sans-serif\">Tisdag<\/span><\/td>\r\n<td style=\"width: 88.3573%;height: 10px\"><strong>M\u00f6te skol-If 12.30 i sal K1, ta med digital enhet<\/strong><\/td>\r\n<\/tr>\r\n<tr style=\"height: 31px\">\r\n<td style=\"width: 11.6427%;height: 31px;text-align: center\"><span style=\"font-size: 18pt;color: #000000;font-family: 'arial black', sans-serif\">Onsdag<\/span><\/td>\r\n<td style=\"width: 88.3573%;height: 31px\">\u00a0<\/td>\r\n<\/tr>\r\n<tr style=\"height: 31px\">\r\n<td style=\"width: 11.6427%;height: 31px;text-align: center\"><span style=\"font-size: 18pt;color: #000000;font-family: 'arial black', sans-serif\">Torsdag<\/span><\/td>\r\n<td style=\"width: 88.3573%;height: 31px\"><strong>Innebandyturnering \u00c5dalshallen<\/strong><\/td>\r\n<\/tr>\r\n<tr style=\"height: 31px\">\r\n<td style=\"width: 11.6427%;height: 30px;text-align: center\"><span style=\"font-size: 18pt;color: #000000;font-family: 'arial black', sans-serif\">Fredag<\/span><\/td>\r\n<td style=\"width: 88.3573%;height: 30px\">\u00a0<\/td>\r\n<\/tr>\r\n<\/tbody>\r\n<\/table><\/div>\n<div id='sample_slider_slide04' class='sa_hover_container' style='padding:5% 5%; margin:0px 0%; '><p><img loading=\"lazy\" decoding=\"async\" class=\"wp-image-11420 aligncenter\" src=\"http:\/\/gudm.kramfors.se\/wp-content\/uploads\/2026\/02\/bild-300x168.jpg\" alt=\"\" width=\"629\" height=\"352\" srcset=\"https:\/\/gudm.kramfors.se\/wp-content\/uploads\/2026\/02\/bild-300x168.jpg 300w, https:\/\/gudm.kramfors.se\/wp-content\/uploads\/2026\/02\/bild-1024x574.jpg 1024w, https:\/\/gudm.kramfors.se\/wp-content\/uploads\/2026\/02\/bild-768x430.jpg 768w, https:\/\/gudm.kramfors.se\/wp-content\/uploads\/2026\/02\/bild.jpg 1328w\" sizes=\"auto, (max-width: 629px) 100vw, 629px\" \/><\/p><\/div>\n<div id='sample_slider_slide02' class='sa_hover_container' style='padding:5% 5%; margin:0px 0%; '><p><span style=\"color: #000000;font-family: 'arial black', sans-serif\"><strong><span style=\"font-size: 24pt\">Veckans boktips\u00a0<\/span><\/strong><\/span><\/p>\r\n<p><span style=\"font-size: 18pt;font-family: 'arial black', sans-serif;color: #000000\"><strong>En farlig v\u00e4nskap \/ Kevin Brooks<\/strong><\/span><\/p>\r\n<p><span style=\"font-size: 18pt;font-family: 'arial black', sans-serif;color: #000000\">N\u00e4stan hela nian har g\u00e5tt n\u00e4r Dean klampar in i Jacks liv. Han lever ett helt annat liv \u00e4n Jack. Trots det blir de b\u00e4sta v\u00e4nner, och \u00e4r inte bara v\u00e4nner f\u00f6r att det inte finns n\u00e5gon annan att umg\u00e5s med. Dean \u00e4r i st\u00e4ndig r\u00f6relse, som en flipperkula. N\u00e4r sommaren kommer har de planer att resa bort och bo sj\u00e4lva under en vecka. Det blir en resa som kommer att f\u00f6r\u00e4ndra deras liv och v\u00e4nskap f\u00f6r alltid<\/span><\/p><\/div>\n<\/div>\n<\/div>\n<script type='text\/javascript'>\n\tjQuery(document).ready(function() {\n\t\tjQuery('#sample_slider').owlCarousel({\n\t\t\titems : 1,\n\t\t\tsmartSpeed : 300,\n\t\t\tautoplay : true,\n\t\t\tautoplayTimeout : 12000,\n\t\t\tautoplayHoverPause : false,\n\t\t\tsmartSpeed : 300,\n\t\t\tfluidSpeed : 300,\n\t\t\tautoplaySpeed : 300,\n\t\t\tnavSpeed : 300,\n\t\t\tdotsSpeed : 300,\n\t\t\tloop : true,\n\t\t\tnav : true,\n\t\t\tnavText : ['Previous','Next'],\n\t\t\tdots : true,\n\t\t\tresponsiveRefreshRate : 200,\n\t\t\tslideBy : 1,\n\t\t\tmergeFit : true,\n\t\t\tautoHeight : false,\n\t\t\tmouseDrag : true,\n\t\t\ttouchDrag : true\n\t\t});\n\t\tjQuery('#sample_slider').css('visibility', 'visible');\n\t\tsa_resize_sample_slider();\n\t\twindow.addEventListener('resize', sa_resize_sample_slider);\n\t\tfunction sa_resize_sample_slider() {\n\t\t\tvar min_height = '50';\n\t\t\tvar win_width = jQuery(window).width();\n\t\t\tvar slider_width = jQuery('#sample_slider').width();\n\t\t\tif (win_width < 480) {\n\t\t\t\tvar slide_width = slider_width \/ 1;\n\t\t\t} else if (win_width < 768) {\n\t\t\t\tvar slide_width = slider_width \/ 1;\n\t\t\t} else if (win_width < 980) {\n\t\t\t\tvar slide_width = slider_width \/ 1;\n\t\t\t} else if (win_width < 1200) {\n\t\t\t\tvar slide_width = slider_width \/ 1;\n\t\t\t} else if (win_width < 1500) {\n\t\t\t\tvar slide_width = slider_width \/ 1;\n\t\t\t} else {\n\t\t\t\tvar slide_width = slider_width \/ 1;\n\t\t\t}\n\t\t\tslide_width = Math.round(slide_width);\n\t\t\tvar slide_height = '0';\n\t\t\tif (min_height == 'aspect43') {\n\t\t\t\tslide_height = (slide_width \/ 4) * 3;\t\t\t\tslide_height = Math.round(slide_height);\n\t\t\t} else if (min_height == 'aspect169') {\n\t\t\t\tslide_height = (slide_width \/ 16) * 9;\t\t\t\tslide_height = Math.round(slide_height);\n\t\t\t} else {\n\t\t\t\tslide_height = (slide_width \/ 100) * min_height;\t\t\t\tslide_height = Math.round(slide_height);\n\t\t\t}\n\t\t\tjQuery('#sample_slider .owl-item .sa_hover_container').css('min-height', slide_height+'px');\n\t\t}\n\t\tvar owl_goto = jQuery('#sample_slider');\n\t\tjQuery('.sample_slider_goto1').click(function(event){\n\t\t\towl_goto.trigger('to.owl.carousel', 0);\n\t\t});\n\t\tjQuery('.sample_slider_goto2').click(function(event){\n\t\t\towl_goto.trigger('to.owl.carousel', 1);\n\t\t});\n\t\tjQuery('.sample_slider_goto3').click(function(event){\n\t\t\towl_goto.trigger('to.owl.carousel', 2);\n\t\t});\n\t\tjQuery('.sample_slider_goto4').click(function(event){\n\t\t\towl_goto.trigger('to.owl.carousel', 3);\n\t\t});\n\t\tjQuery('.sample_slider_goto5').click(function(event){\n\t\t\towl_goto.trigger('to.owl.carousel', 4);\n\t\t});\n\t\tvar resize_13 = jQuery('.owl-carousel');\n\t\tresize_13.on('initialized.owl.carousel', function(e) {\n\t\t\tif (typeof(Event) === 'function') {\n\t\t\t\twindow.dispatchEvent(new Event('resize'));\n\t\t\t} else {\n\t\t\t\tvar evt = window.document.createEvent('UIEvents');\n\t\t\t\tevt.initUIEvent('resize', true, false, window, 0);\n\t\t\t\twindow.dispatchEvent(evt);\n\t\t\t}\n\t\t});\n\t});\n<\/script>\n\n","protected":false},"excerpt":{"rendered":"","protected":false},"author":3,"featured_media":0,"parent":0,"menu_order":9999,"comment_status":"closed","ping_status":"closed","template":"","meta":{"footnotes":""},"class_list":["post-83","page","type-page","status-publish","hentry"],"_links":{"self":[{"href":"https:\/\/gudm.kramfors.se\/index.php?rest_route=\/wp\/v2\/pages\/83","targetHints":{"allow":["GET"]}}],"collection":[{"href":"https:\/\/gudm.kramfors.se\/index.php?rest_route=\/wp\/v2\/pages"}],"about":[{"href":"https:\/\/gudm.kramfors.se\/index.php?rest_route=\/wp\/v2\/types\/page"}],"author":[{"embeddable":true,"href":"https:\/\/gudm.kramfors.se\/index.php?rest_route=\/wp\/v2\/users\/3"}],"replies":[{"embeddable":true,"href":"https:\/\/gudm.kramfors.se\/index.php?rest_route=%2Fwp%2Fv2%2Fcomments&post=83"}],"version-history":[{"count":4,"href":"https:\/\/gudm.kramfors.se\/index.php?rest_route=\/wp\/v2\/pages\/83\/revisions"}],"predecessor-version":[{"id":11231,"href":"https:\/\/gudm.kramfors.se\/index.php?rest_route=\/wp\/v2\/pages\/83\/revisions\/11231"}],"wp:attachment":[{"href":"https:\/\/gudm.kramfors.se\/index.php?rest_route=%2Fwp%2Fv2%2Fmedia&parent=83"}],"curies":[{"name":"wp","href":"https:\/\/api.w.org\/{rel}","templated":true}]}}